{"id":902,"date":"2020-11-08T22:44:14","date_gmt":"2020-11-08T22:44:14","guid":{"rendered":"http:\/\/operatorenesforeningforberedskap.no.datasenter.no\/?page_id=902"},"modified":"2026-02-20T04:16:14","modified_gmt":"2026-02-20T03:16:14","slug":"kompetansesenteret","status":"publish","type":"page","link":"https:\/\/offb.no\/en\/kompetansesenter\/kompetansesenteret\/","title":{"rendered":"Competence Centre"},"content":{"rendered":"<div data-elementor-type=\"wp-page\" data-elementor-id=\"902\" class=\"elementor elementor-902\" data-elementor-post-type=\"page\">\n\t\t\t\t\t\t<section class=\"elementor-section elementor-top-section elementor-element elementor-element-0eba8d5 elementor-section-boxed elementor-section-height-default elementor-section-height-default\" data-id=\"0eba8d5\" data-element_type=\"section\" data-e-type=\"section\">\n\t\t\t\t\t\t<div class=\"elementor-container elementor-column-gap-default\">\n\t\t\t\t\t<div class=\"elementor-column elementor-col-100 elementor-top-column elementor-element elementor-element-398ec2d\" data-id=\"398ec2d\" data-element_type=\"column\" data-e-type=\"column\">\n\t\t\t<div class=\"elementor-widget-wrap elementor-element-populated\">\n\t\t\t\t\t\t<section class=\"elementor-section elementor-inner-section elementor-element elementor-element-e3798b5 elementor-section-boxed elementor-section-height-default elementor-section-height-default\" data-id=\"e3798b5\" data-element_type=\"section\" data-e-type=\"section\">\n\t\t\t\t\t\t<div class=\"elementor-container elementor-column-gap-default\">\n\t\t\t\t\t<div class=\"elementor-column elementor-col-50 elementor-inner-column elementor-element elementor-element-413b25b\" data-id=\"413b25b\" data-element_type=\"column\" data-e-type=\"column\">\n\t\t\t<div class=\"elementor-widget-wrap elementor-element-populated\">\n\t\t\t\t\t\t<div class=\"elementor-element elementor-element-2165272 elementor-widget elementor-widget-heading\" data-id=\"2165272\" data-element_type=\"widget\" data-e-type=\"widget\" data-widget_type=\"heading.default\">\n\t\t\t\t<div class=\"elementor-widget-container\">\n\t\t\t\t\t<h2 class=\"elementor-heading-title elementor-size-default\">Competence Centre<span>Centre<\/h2>\t\t\t\t<\/div>\n\t\t\t\t<\/div>\n\t\t\t\t<div class=\"elementor-element elementor-element-2cf80cc elementor-widget elementor-widget-text-editor\" data-id=\"2cf80cc\" data-element_type=\"widget\" data-e-type=\"widget\" data-widget_type=\"text-editor.default\">\n\t\t\t\t<div class=\"elementor-widget-container\">\n\t\t\t\t\t\t\t\t\t<p>The OFFB Competence Center is a competence hub for its members.<br>The goal of the Competence Center is to:<\/p>\n<div id=\"offb-liste\">\n<ul>\n<li>Simplify members' access to qualified competence enhancement.<\/li>\n<li>Develop and conduct courses and theme days tailored to members' needs.<\/li>\n<li>Create and communicate course plans to members.<\/li>\n<li>Develop and communicate recommended practices as tools for members.<\/li>\n<li>Contribute to quickly bringing new members up to the right level.<\/li>\n<li>Ensure structured competence enhancement for its own personnel.<\/li>\n<li>The costs of the services offered by the Competence Centre are covered by the OFFB membership fee. There are no separate course fees<\/li>\n<\/ul>\n<\/div>\t\t\t\t\t\t\t\t<\/div>\n\t\t\t\t<\/div>\n\t\t\t\t\t<\/div>\n\t\t<\/div>\n\t\t\t\t<div class=\"elementor-column elementor-col-50 elementor-inner-column elementor-element elementor-element-dc3380d\" data-id=\"dc3380d\" data-element_type=\"column\" data-e-type=\"column\">\n\t\t\t<div class=\"elementor-widget-wrap elementor-element-populated\">\n\t\t\t\t\t\t<div class=\"elementor-element elementor-element-9e02bf3 elementor-widget elementor-widget-image\" data-id=\"9e02bf3\" data-element_type=\"widget\" data-e-type=\"widget\" data-widget_type=\"image.default\">\n\t\t\t\t<div class=\"elementor-widget-container\">\n\t\t\t\t\t\t\t\t\t\t\t\t\t\t\t<img fetchpriority=\"high\" decoding=\"async\" width=\"580\" height=\"580\" src=\"https:\/\/offb.no\/wp-content\/uploads\/2026\/02\/opplaering-1024x1024.jpg\" class=\"attachment-large size-large wp-image-3752\" alt=\"\" srcset=\"https:\/\/offb.no\/wp-content\/uploads\/2026\/02\/opplaering-1024x1024.jpg 1024w, https:\/\/offb.no\/wp-content\/uploads\/2026\/02\/opplaering-300x300.jpg 300w, https:\/\/offb.no\/wp-content\/uploads\/2026\/02\/opplaering-150x150.jpg 150w, https:\/\/offb.no\/wp-content\/uploads\/2026\/02\/opplaering-768x768.jpg 768w, https:\/\/offb.no\/wp-content\/uploads\/2026\/02\/opplaering-12x12.jpg 12w, https:\/\/offb.no\/wp-content\/uploads\/2026\/02\/opplaering.jpg 1200w\" sizes=\"(max-width: 580px) 100vw, 580px\" \/>\t\t\t\t\t\t\t\t\t\t\t\t\t\t\t<\/div>\n\t\t\t\t<\/div>\n\t\t\t\t\t<\/div>\n\t\t<\/div>\n\t\t\t\t\t<\/div>\n\t\t<\/section>\n\t\t\t\t<section class=\"elementor-section elementor-inner-section elementor-element elementor-element-1e8c68e elementor-section-boxed elementor-section-height-default elementor-section-height-default\" data-id=\"1e8c68e\" data-element_type=\"section\" data-e-type=\"section\" data-settings=\"{&quot;background_background&quot;:&quot;classic&quot;}\">\n\t\t\t\t\t\t<div class=\"elementor-container elementor-column-gap-default\">\n\t\t\t\t\t<div class=\"elementor-column elementor-col-50 elementor-inner-column elementor-element elementor-element-5487f01\" data-id=\"5487f01\" data-element_type=\"column\" data-e-type=\"column\">\n\t\t\t<div class=\"elementor-widget-wrap elementor-element-populated\">\n\t\t\t\t\t\t<div class=\"elementor-element elementor-element-419eaa6 elementor-widget elementor-widget-heading\" data-id=\"419eaa6\" data-element_type=\"widget\" data-e-type=\"widget\" data-widget_type=\"heading.default\">\n\t\t\t\t<div class=\"elementor-widget-container\">\n\t\t\t\t\t<h2 class=\"elementor-heading-title elementor-size-default\">Kursplan v\u00e5ren 2026<\/h2>\t\t\t\t<\/div>\n\t\t\t\t<\/div>\n\t\t\t\t<div class=\"elementor-element elementor-element-b5ded60 elementor-widget elementor-widget-text-editor\" data-id=\"b5ded60\" data-element_type=\"widget\" data-e-type=\"widget\" data-widget_type=\"text-editor.default\">\n\t\t\t\t<div class=\"elementor-widget-container\">\n\t\t\t\t\t\t\t\t\t<p>F\u00d8RSTE HALV\u00c5R 2026<\/p><p>27. Januar 0830-1530<br \/><strong>Kurs 3.linje beredskapsledelse<\/strong><br \/>Frist for p\u00e5melding: 9. januar<\/p><p>10. juni 0830-1530<br \/><strong>Kurs 3.linje beredskapsledelse<\/strong><br \/>Frist for p\u00e5melding: 26. mai<\/p><p>10. februar 0900-1500<br \/><strong>Kurs for selskapsrepresentanter ved operat\u00f8rens senter for evakuerte og p\u00e5r\u00f8rende (OSEP)<\/strong><br \/>Frist for p\u00e5melding: 20. januar.<\/p><p>25. mars 0900-1500<br \/><strong>Kurs for liaisoner\/selskapsrepresentanter ved beredskapshendelser<\/strong><br \/>Frist for p\u00e5melding: 10. mars<\/p><p>25. mars 1200-1500<br \/><strong>Beredskapskurs for resepsjonister<\/strong><br \/>Frist for p\u00e5melding: 10. mars<\/p><p>21. april 0830-1530<br \/><strong>Kurs i medieh\u00e5ndtering<\/strong><br \/>Frist for p\u00e5melding: 31. mars<\/p><p>6.mai. 1200-1530<br \/><strong>Kurs i interessentanalyse<\/strong><br \/>Frist for p\u00e5melding: 20. april<\/p><p>12. februar 1200-1530<br \/><strong>Kurs: Overgang til Aksjonsledelse\/ICS-organisering<\/strong><br \/>Frist for p\u00e5melding: 27. januar<\/p><p>Dato TBD: Egen gjennomf\u00f8ring for hvert enkelt medlem (4 timer)<br \/><strong>Kurs: Det strategiske m\u00f8tet<\/strong> <br \/>Frist for p\u00e5melding: TBD<\/p><p><strong>CIM oppl\u00e6ring:<\/strong> P\u00e5g\u00e5r fortl\u00f8pende etter behov fra medlemmene<\/p><p><strong>NB!<\/strong> The courses are offered to OFFB members.<br \/><strong>P\u00e5melding:<\/strong> gjennom kontaktperson i eget selskap<\/p><p>Dag Normann Aasjord<br \/>Manager, OFFB Competence Centre<br \/>dag.normann.aasjord@offb.no\u00a0<\/p>\t\t\t\t\t\t\t\t<\/div>\n\t\t\t\t<\/div>\n\t\t\t\t\t<\/div>\n\t\t<\/div>\n\t\t\t\t<div class=\"elementor-column elementor-col-50 elementor-inner-column elementor-element elementor-element-b6e1840\" data-id=\"b6e1840\" data-element_type=\"column\" data-e-type=\"column\">\n\t\t\t<div class=\"elementor-widget-wrap elementor-element-populated\">\n\t\t\t\t\t\t<div class=\"elementor-element elementor-element-1b8708a elementor-widget elementor-widget-image\" data-id=\"1b8708a\" data-element_type=\"widget\" data-e-type=\"widget\" data-widget_type=\"image.default\">\n\t\t\t\t<div class=\"elementor-widget-container\">\n\t\t\t\t\t\t\t\t\t\t\t\t\t\t\t<img decoding=\"async\" width=\"580\" height=\"1011\" src=\"https:\/\/offb.no\/wp-content\/uploads\/2026\/02\/opplaering.png\" class=\"attachment-large size-large wp-image-3780\" alt=\"\" srcset=\"https:\/\/offb.no\/wp-content\/uploads\/2026\/02\/opplaering.png 580w, https:\/\/offb.no\/wp-content\/uploads\/2026\/02\/opplaering-172x300.png 172w, https:\/\/offb.no\/wp-content\/uploads\/2026\/02\/opplaering-7x12.png 7w\" sizes=\"(max-width: 580px) 100vw, 580px\" \/>\t\t\t\t\t\t\t\t\t\t\t\t\t\t\t<\/div>\n\t\t\t\t<\/div>\n\t\t\t\t\t<\/div>\n\t\t<\/div>\n\t\t\t\t\t<\/div>\n\t\t<\/section>\n\t\t\t\t\t<\/div>\n\t\t<\/div>\n\t\t\t\t\t<\/div>\n\t\t<\/section>\n\t\t\t\t<section class=\"elementor-section elementor-top-section elementor-element elementor-element-674135b elementor-section-boxed elementor-section-height-default elementor-section-height-default\" data-id=\"674135b\" data-element_type=\"section\" data-e-type=\"section\">\n\t\t\t\t\t\t<div class=\"elementor-container elementor-column-gap-default\">\n\t\t\t\t\t<div class=\"elementor-column elementor-col-100 elementor-top-column elementor-element elementor-element-cf63242\" data-id=\"cf63242\" data-element_type=\"column\" data-e-type=\"column\">\n\t\t\t<div class=\"elementor-widget-wrap elementor-element-populated\">\n\t\t\t\t\t\t<section class=\"elementor-section elementor-inner-section elementor-element elementor-element-1131a3a elementor-section-boxed elementor-section-height-default elementor-section-height-default\" data-id=\"1131a3a\" data-element_type=\"section\" data-e-type=\"section\">\n\t\t\t\t\t\t<div class=\"elementor-container elementor-column-gap-default\">\n\t\t\t\t\t<div class=\"elementor-column elementor-col-50 elementor-inner-column elementor-element elementor-element-64729c5\" data-id=\"64729c5\" data-element_type=\"column\" data-e-type=\"column\">\n\t\t\t<div class=\"elementor-widget-wrap elementor-element-populated\">\n\t\t\t\t\t\t<div class=\"elementor-element elementor-element-c308c52 elementor-widget elementor-widget-heading\" data-id=\"c308c52\" data-element_type=\"widget\" data-e-type=\"widget\" data-widget_type=\"heading.default\">\n\t\t\t\t<div class=\"elementor-widget-container\">\n\t\t\t\t\t<h2 class=\"elementor-heading-title elementor-size-default\">More information?<\/h2>\t\t\t\t<\/div>\n\t\t\t\t<\/div>\n\t\t\t\t<div class=\"elementor-element elementor-element-9e9fb10 elementor-widget elementor-widget-text-editor\" data-id=\"9e9fb10\" data-element_type=\"widget\" data-e-type=\"widget\" data-widget_type=\"text-editor.default\">\n\t\t\t\t<div class=\"elementor-widget-container\">\n\t\t\t\t\t\t\t\t\t<p style=\"border-width: medium; border-style: none; font-size: 14px; text-align: left; letter-spacing: -0.21px;\">Contact Head of OFFB Competence Centre, Dag Normann Aasjord: Office phone:<\/p><p style=\"border-width: medium; border-style: none; font-size: 14px; text-align: left; letter-spacing: -0.21px;\">Office number: +47 51 96 51 52<br \/>Mobile: +47 958 86 986\u00a0<br \/>E-mail:\u00a0<span style=\"letter-spacing: -0.21px; background-color: #e7f5f8;\">dag.normann.aasjord@offb.no\u00a0<\/span><\/p>\t\t\t\t\t\t\t\t<\/div>\n\t\t\t\t<\/div>\n\t\t\t\t\t<\/div>\n\t\t<\/div>\n\t\t\t\t<div class=\"elementor-column elementor-col-50 elementor-inner-column elementor-element elementor-element-a595129\" data-id=\"a595129\" data-element_type=\"column\" data-e-type=\"column\">\n\t\t\t<div class=\"elementor-widget-wrap elementor-element-populated\">\n\t\t\t\t\t\t<div class=\"elementor-element elementor-element-cad0be7 elementor-widget elementor-widget-image\" data-id=\"cad0be7\" data-element_type=\"widget\" data-e-type=\"widget\" data-widget_type=\"image.default\">\n\t\t\t\t<div class=\"elementor-widget-container\">\n\t\t\t\t\t\t\t\t\t\t\t\t\t\t\t<img decoding=\"async\" width=\"580\" height=\"387\" src=\"https:\/\/offb.no\/wp-content\/uploads\/2026\/02\/dag_normann1-1200x800-1-1024x683.jpg\" class=\"attachment-large size-large wp-image-3763\" alt=\"\" srcset=\"https:\/\/offb.no\/wp-content\/uploads\/2026\/02\/dag_normann1-1200x800-1-1024x683.jpg 1024w, https:\/\/offb.no\/wp-content\/uploads\/2026\/02\/dag_normann1-1200x800-1-300x200.jpg 300w, https:\/\/offb.no\/wp-content\/uploads\/2026\/02\/dag_normann1-1200x800-1-768x512.jpg 768w, https:\/\/offb.no\/wp-content\/uploads\/2026\/02\/dag_normann1-1200x800-1-18x12.jpg 18w, https:\/\/offb.no\/wp-content\/uploads\/2026\/02\/dag_normann1-1200x800-1.jpg 1200w\" sizes=\"(max-width: 580px) 100vw, 580px\" \/>\t\t\t\t\t\t\t\t\t\t\t\t\t\t\t<\/div>\n\t\t\t\t<\/div>\n\t\t\t\t\t<\/div>\n\t\t<\/div>\n\t\t\t\t\t<\/div>\n\t\t<\/section>\n\t\t\t\t\t<\/div>\n\t\t<\/div>\n\t\t\t\t\t<\/div>\n\t\t<\/section>\n\t\t\t\t<\/div>","protected":false},"excerpt":{"rendered":"<p>Kompetansesenter OFFB Kompetansesenter er et kompetansetorg for medlemmene.M\u00e5let med kompetansesenteret er \u00e5: Forenkle medlemmenes tilgang til kvalifisert kompetanseheving. Utvikle og gjennomf\u00f8re kurs og temadager tilpasset medlemmene behov. Utarbeide og formidle [&hellip;]<\/p>\n","protected":false},"author":1,"featured_media":0,"parent":899,"menu_order":0,"comment_status":"closed","ping_status":"closed","template":"","meta":{"footnotes":""},"class_list":["post-902","page","type-page","status-publish","hentry"],"_links":{"self":[{"href":"https:\/\/offb.no\/en\/wp-json\/wp\/v2\/pages\/902","targetHints":{"allow":["GET"]}}],"collection":[{"href":"https:\/\/offb.no\/en\/wp-json\/wp\/v2\/pages"}],"about":[{"href":"https:\/\/offb.no\/en\/wp-json\/wp\/v2\/types\/page"}],"author":[{"embeddable":true,"href":"https:\/\/offb.no\/en\/wp-json\/wp\/v2\/users\/1"}],"replies":[{"embeddable":true,"href":"https:\/\/offb.no\/en\/wp-json\/wp\/v2\/comments?post=902"}],"version-history":[{"count":55,"href":"https:\/\/offb.no\/en\/wp-json\/wp\/v2\/pages\/902\/revisions"}],"predecessor-version":[{"id":3802,"href":"https:\/\/offb.no\/en\/wp-json\/wp\/v2\/pages\/902\/revisions\/3802"}],"up":[{"embeddable":true,"href":"https:\/\/offb.no\/en\/wp-json\/wp\/v2\/pages\/899"}],"wp:attachment":[{"href":"https:\/\/offb.no\/en\/wp-json\/wp\/v2\/media?parent=902"}],"curies":[{"name":"wp","href":"https:\/\/api.w.org\/{rel}","templated":true}]}}