{"id":883,"date":"2020-11-08T22:24:51","date_gmt":"2020-11-08T22:24:51","guid":{"rendered":"http:\/\/operatorenesforeningforberedskap.no.datasenter.no\/?page_id=883"},"modified":"2026-02-20T01:53:57","modified_gmt":"2026-02-20T00:53:57","slug":"trening-og-oving","status":"publish","type":"page","link":"https:\/\/offb.no\/en\/ovelser\/trening-og-oving\/","title":{"rendered":"Training and exercises"},"content":{"rendered":"<div data-elementor-type=\"wp-page\" data-elementor-id=\"883\" class=\"elementor elementor-883\" data-elementor-post-type=\"page\">\n\t\t\t\t\t\t<section class=\"elementor-section elementor-top-section elementor-element elementor-element-fe491db elementor-section-boxed elementor-section-height-default elementor-section-height-default\" data-id=\"fe491db\" data-element_type=\"section\" data-e-type=\"section\">\n\t\t\t\t\t\t<div class=\"elementor-container elementor-column-gap-default\">\n\t\t\t\t\t<div class=\"elementor-column elementor-col-100 elementor-top-column elementor-element elementor-element-16e3cbd\" data-id=\"16e3cbd\" data-element_type=\"column\" data-e-type=\"column\">\n\t\t\t<div class=\"elementor-widget-wrap elementor-element-populated\">\n\t\t\t\t\t\t<section class=\"elementor-section elementor-inner-section elementor-element elementor-element-242dd31 elementor-section-boxed elementor-section-height-default elementor-section-height-default\" data-id=\"242dd31\" data-element_type=\"section\" data-e-type=\"section\">\n\t\t\t\t\t\t<div class=\"elementor-container elementor-column-gap-default\">\n\t\t\t\t\t<div class=\"elementor-column elementor-col-50 elementor-inner-column elementor-element elementor-element-18b5d07\" data-id=\"18b5d07\" data-element_type=\"column\" data-e-type=\"column\">\n\t\t\t<div class=\"elementor-widget-wrap elementor-element-populated\">\n\t\t\t\t\t\t<div class=\"elementor-element elementor-element-20dfb3b elementor-widget elementor-widget-heading\" data-id=\"20dfb3b\" data-element_type=\"widget\" data-e-type=\"widget\" data-widget_type=\"heading.default\">\n\t\t\t\t<div class=\"elementor-widget-container\">\n\t\t\t\t\t<h2 class=\"elementor-heading-title elementor-size-default\">Training and exercises<\/h2>\t\t\t\t<\/div>\n\t\t\t\t<\/div>\n\t\t\t\t<div class=\"elementor-element elementor-element-05eb279 elementor-widget elementor-widget-text-editor\" data-id=\"05eb279\" data-element_type=\"widget\" data-e-type=\"widget\" data-widget_type=\"text-editor.default\">\n\t\t\t\t<div class=\"elementor-widget-container\">\n\t\t\t\t\t\t\t\t\t<p>A large part of OFFB's daily activities consists of conducting training and exercises. In fact, over 130 activities are conducted each year, ranging from basic skills training to large-scale cooperative exercises.\u00a0<\/p><p>Collaboration is important for OFFB and in exercises we have close contact with actors such as the police, the Norwegian Marine Industry Authority and the Norwegian Rescue Centre.<\/p><p>Training and exercise activities are organised at a number of levels, depending on how many of the member's emergency response lines are involved. All training and exercise activities, regardless of level, are regarded as important contributions to the continuous improvement of emergency response performance.<\/p>\t\t\t\t\t\t\t\t<\/div>\n\t\t\t\t<\/div>\n\t\t\t\t\t<\/div>\n\t\t<\/div>\n\t\t\t\t<div class=\"elementor-column elementor-col-50 elementor-inner-column elementor-element elementor-element-18e8468\" data-id=\"18e8468\" data-element_type=\"column\" data-e-type=\"column\">\n\t\t\t<div class=\"elementor-widget-wrap elementor-element-populated\">\n\t\t\t\t\t\t<div class=\"elementor-element elementor-element-16b3d33 elementor-widget elementor-widget-image\" data-id=\"16b3d33\" data-element_type=\"widget\" data-e-type=\"widget\" data-widget_type=\"image.default\">\n\t\t\t\t<div class=\"elementor-widget-container\">\n\t\t\t\t\t\t\t\t\t\t\t\t\t\t\t<img fetchpriority=\"high\" decoding=\"async\" width=\"580\" height=\"580\" src=\"https:\/\/offb.no\/wp-content\/uploads\/2026\/02\/ovelsebilde-kvadratisk.jpg\" class=\"attachment-large size-large wp-image-3718\" alt=\"\" srcset=\"https:\/\/offb.no\/wp-content\/uploads\/2026\/02\/ovelsebilde-kvadratisk.jpg 800w, https:\/\/offb.no\/wp-content\/uploads\/2026\/02\/ovelsebilde-kvadratisk-300x300.jpg 300w, https:\/\/offb.no\/wp-content\/uploads\/2026\/02\/ovelsebilde-kvadratisk-150x150.jpg 150w, https:\/\/offb.no\/wp-content\/uploads\/2026\/02\/ovelsebilde-kvadratisk-768x768.jpg 768w, https:\/\/offb.no\/wp-content\/uploads\/2026\/02\/ovelsebilde-kvadratisk-12x12.jpg 12w\" sizes=\"(max-width: 580px) 100vw, 580px\" \/>\t\t\t\t\t\t\t\t\t\t\t\t\t\t\t<\/div>\n\t\t\t\t<\/div>\n\t\t\t\t\t<\/div>\n\t\t<\/div>\n\t\t\t\t\t<\/div>\n\t\t<\/section>\n\t\t\t\t<section class=\"elementor-section elementor-inner-section elementor-element elementor-element-65c6da3 elementor-section-boxed elementor-section-height-default elementor-section-height-default\" data-id=\"65c6da3\" data-element_type=\"section\" data-e-type=\"section\" data-settings=\"{&quot;background_background&quot;:&quot;classic&quot;}\">\n\t\t\t\t\t\t<div class=\"elementor-container elementor-column-gap-default\">\n\t\t\t\t\t<div class=\"elementor-column elementor-col-50 elementor-inner-column elementor-element elementor-element-87ac258\" data-id=\"87ac258\" data-element_type=\"column\" data-e-type=\"column\">\n\t\t\t<div class=\"elementor-widget-wrap elementor-element-populated\">\n\t\t\t\t\t\t<div class=\"elementor-element elementor-element-c01082e elementor-widget elementor-widget-image\" data-id=\"c01082e\" data-element_type=\"widget\" data-e-type=\"widget\" data-widget_type=\"image.default\">\n\t\t\t\t<div class=\"elementor-widget-container\">\n\t\t\t\t\t\t\t\t\t\t\t\t\t\t\t<img decoding=\"async\" width=\"580\" height=\"580\" src=\"https:\/\/offb.no\/wp-content\/uploads\/2026\/02\/helikopter-1024x1024.jpg\" class=\"attachment-large size-large wp-image-3719\" alt=\"\" srcset=\"https:\/\/offb.no\/wp-content\/uploads\/2026\/02\/helikopter-1024x1024.jpg 1024w, https:\/\/offb.no\/wp-content\/uploads\/2026\/02\/helikopter-300x300.jpg 300w, https:\/\/offb.no\/wp-content\/uploads\/2026\/02\/helikopter-150x150.jpg 150w, https:\/\/offb.no\/wp-content\/uploads\/2026\/02\/helikopter-768x768.jpg 768w, https:\/\/offb.no\/wp-content\/uploads\/2026\/02\/helikopter-1536x1536.jpg 1536w, https:\/\/offb.no\/wp-content\/uploads\/2026\/02\/helikopter-2048x2048.jpg 2048w, https:\/\/offb.no\/wp-content\/uploads\/2026\/02\/helikopter-12x12.jpg 12w, https:\/\/offb.no\/wp-content\/uploads\/2026\/02\/helikopter-1200x1200.jpg 1200w, https:\/\/offb.no\/wp-content\/uploads\/2026\/02\/helikopter-1980x1980.jpg 1980w\" sizes=\"(max-width: 580px) 100vw, 580px\" \/>\t\t\t\t\t\t\t\t\t\t\t\t\t\t\t<\/div>\n\t\t\t\t<\/div>\n\t\t\t\t\t<\/div>\n\t\t<\/div>\n\t\t\t\t<div class=\"elementor-column elementor-col-50 elementor-inner-column elementor-element elementor-element-ae3b66a\" data-id=\"ae3b66a\" data-element_type=\"column\" data-e-type=\"column\">\n\t\t\t<div class=\"elementor-widget-wrap elementor-element-populated\">\n\t\t\t\t\t\t<div class=\"elementor-element elementor-element-4b8ae93 elementor-widget elementor-widget-heading\" data-id=\"4b8ae93\" data-element_type=\"widget\" data-e-type=\"widget\" data-widget_type=\"heading.default\">\n\t\t\t\t<div class=\"elementor-widget-container\">\n\t\t\t\t\t<h2 class=\"elementor-heading-title elementor-size-default\"><span style=\"border: medium;font-size: 21px;line-height: 1.5em;margin: 6rem auto 3rem;padding: 0px;letter-spacing: -0.041563em;white-space: normal\"><br>Training and exercise activities at OFFB:<\/span><br><br><p style=\"border-width: medium;border-style: none;font-size: 14px;text-align: left;, Helvetica, sans-serif;letter-spacing: -0.21px;white-space: normal\"><strong>Seminars\/workshops:&nbsp;<\/strong>These are activities at which relevant participants\/organisations gather to review the general outline of a given exercise, coordinate planning, aims and expectations, and identify issues that require more work to ensure that the emergency response can be consolidated and its objectives achieved. Seminars\/workshops represent the first meeting of organisations intending to participate in a given exercise.<\/p><p style=\"border-width: medium;border-style: none;font-size: 14px;text-align: left;, Helvetica, sans-serif;letter-spacing: -0.21px;white-space: normal\"><strong style=\"font-size: inherit;text-align: inherit;letter-spacing: -0.015em\">Tabletop exercises:&nbsp;<\/strong><span style=\"font-size: inherit;letter-spacing: -0.015em;text-align: inherit\">These are discussion-based activities at which the participants gather in a room and work on a scenario and\/or issues in response to input provided by an exercise leader. Participants shall not carry out any actions outside the exercise room. This approach is organised in such a way that participants discuss actions and decisions based, for example, on input provided by an exercise leader.<\/span><\/p><p style=\"border-width: medium;border-style: none;font-size: 14px;text-align: left;, Helvetica, sans-serif;letter-spacing: -0.21px;white-space: normal\"><strong>Level 1 exercises:&nbsp;<\/strong>At this level, the aim is to drill one of the emergency response lines, or in-house personnel, separately. OFFB is responsible for preparing plans and other documentation for the exercise, as well as providing role players and exercise leadership, if needed. Such exercises may also involve a number of internal or external organisations\/personnel. They usually have a duration of up to four hours and are arranged with OFFB personnel.<\/p><p style=\"border-width: medium;border-style: none;font-size: 14px;text-align: left;, Helvetica, sans-serif;letter-spacing: -0.21px;white-space: normal\"><strong>Level 2 exercises:<u>&nbsp;<\/u><\/strong>This exercise involves active participation from two of the lines within the emergency response organisation. 2nd line exercises actively in the situation room, while other participants drill from their respective locations or via participation as role players. Such exercises may also involve a number of internal or external organisations\/personnel. They usually have a duration of four hours and are arranged with OFFB personnel.<\/p><p style=\"border-width: medium;border-style: none;font-size: 14px;text-align: left;, Helvetica, sans-serif;letter-spacing: -0.21px;white-space: normal\"><strong>Level 3 exercises:&nbsp;<\/strong>This level involves active participation from all lines in the emergency response organisation, together with as many organisations\/personnel as possible that would be involved in a real incident. They usually have a duration of four hours and are arranged with OFFB personnel. OFFB will arrange for one person to be present if the exercise involves drills offshore.<\/p><p style=\"border-width: medium;border-style: none;font-size: 14px;text-align: left;, Helvetica, sans-serif;letter-spacing: -0.21px;white-space: normal\"><strong>OFFB\u2019s Major Exercises:<\/strong>Exercise that involves active participation from all emergency lines and actors involved in a real incident. OFFB's major exercises shall be an arena for training, practice and learning for all members as well as all actors activated in an emergency incident.<\/p><p style=\"border-width: medium;border-style: none;font-size: 14px;text-align: left;, Helvetica, sans-serif;letter-spacing: -0.21px;white-space: normal\"><strong>Other exercises\/drills:&nbsp;<\/strong>In addition, regular exercises are carried out involving personnel staffing the Operator's Centres for Evacuees and Next of Kin (OSEPs) and the OFFB Call Centre.<\/p><p style=\"border-width: medium;border-style: none;font-size: 14px;text-align: left;, Helvetica, sans-serif;letter-spacing: -0.21px;white-space: normal\"><span style=\"font-family: Roboto, sans-serif;font-size: 24px;letter-spacing: 1.1px;text-align: inherit;white-space: pre-wrap\"><\/span><\/p><\/h2>\t\t\t\t<\/div>\n\t\t\t\t<\/div>\n\t\t\t\t\t<\/div>\n\t\t<\/div>\n\t\t\t\t\t<\/div>\n\t\t<\/section>\n\t\t\t\t<section class=\"elementor-section elementor-inner-section elementor-element elementor-element-dc8dca1 elementor-section-boxed elementor-section-height-default elementor-section-height-default\" data-id=\"dc8dca1\" data-element_type=\"section\" data-e-type=\"section\">\n\t\t\t\t\t\t<div class=\"elementor-container elementor-column-gap-default\">\n\t\t\t\t\t<div class=\"elementor-column elementor-col-100 elementor-inner-column elementor-element elementor-element-67e0f8d\" data-id=\"67e0f8d\" data-element_type=\"column\" data-e-type=\"column\">\n\t\t\t<div class=\"elementor-widget-wrap elementor-element-populated\">\n\t\t\t\t\t\t<div class=\"elementor-element elementor-element-922c348 elementor-widget elementor-widget-heading\" data-id=\"922c348\" data-element_type=\"widget\" data-e-type=\"widget\" data-widget_type=\"heading.default\">\n\t\t\t\t<div class=\"elementor-widget-container\">\n\t\t\t\t\t<h2 class=\"elementor-heading-title elementor-size-default\">Calender<\/h2>\t\t\t\t<\/div>\n\t\t\t\t<\/div>\n\t\t\t\t<div class=\"elementor-element elementor-element-319e76e elementor-widget elementor-widget-the-events-calendar-addon\" data-id=\"319e76e\" data-element_type=\"widget\" data-e-type=\"widget\" data-widget_type=\"the-events-calendar-addon.default\">\n\t\t\t\t<div class=\"elementor-widget-container\">\n\t\t\t\t\t<!=========Events list Template 1.7.2=========><div id=\"ectbe-wrapper-319e76e\" class=\"ectbe-wrapper ectbe-list-wrapper style-1\"><h3>There is no Event<\/h3><\/div>\t\t\t\t<\/div>\n\t\t\t\t<\/div>\n\t\t\t\t\t<\/div>\n\t\t<\/div>\n\t\t\t\t\t<\/div>\n\t\t<\/section>\n\t\t\t\t<div class=\"elementor-element elementor-element-af5b871 elementor-widget elementor-widget-spacer\" data-id=\"af5b871\" data-element_type=\"widget\" data-e-type=\"widget\" data-widget_type=\"spacer.default\">\n\t\t\t\t<div class=\"elementor-widget-container\">\n\t\t\t\t\t\t\t<div class=\"elementor-spacer\">\n\t\t\t<div class=\"elementor-spacer-inner\"><\/div>\n\t\t<\/div>\n\t\t\t\t\t\t<\/div>\n\t\t\t\t<\/div>\n\t\t\t\t<section class=\"elementor-section elementor-inner-section elementor-element elementor-element-daf4a48 elementor-section-boxed elementor-section-height-default elementor-section-height-default\" data-id=\"daf4a48\" data-element_type=\"section\" data-e-type=\"section\">\n\t\t\t\t\t\t<div class=\"elementor-container elementor-column-gap-default\">\n\t\t\t\t\t<div class=\"elementor-column elementor-col-50 elementor-inner-column elementor-element elementor-element-99f8dc3\" data-id=\"99f8dc3\" data-element_type=\"column\" data-e-type=\"column\">\n\t\t\t<div class=\"elementor-widget-wrap elementor-element-populated\">\n\t\t\t\t\t\t<div class=\"elementor-element elementor-element-de553c8 elementor-widget elementor-widget-heading\" data-id=\"de553c8\" data-element_type=\"widget\" data-e-type=\"widget\" data-widget_type=\"heading.default\">\n\t\t\t\t<div class=\"elementor-widget-container\">\n\t\t\t\t\t<h1 class=\"elementor-heading-title elementor-size-default\">More information?<\/h1>\t\t\t\t<\/div>\n\t\t\t\t<\/div>\n\t\t\t\t<div class=\"elementor-element elementor-element-1367051 elementor-widget elementor-widget-text-editor\" data-id=\"1367051\" data-element_type=\"widget\" data-e-type=\"widget\" data-widget_type=\"text-editor.default\">\n\t\t\t\t<div class=\"elementor-widget-container\">\n\t\t\t\t\t\t\t\t\t<p>Contact Trond Gleditsh<br \/><span style=\"font-size: inherit; letter-spacing: -0.21px; text-align: inherit;\"><br \/>Telphone 51 96 33 20<br \/><\/span><span style=\"font-size: inherit; text-align: inherit; letter-spacing: -0.21px;\">Mobil +47 926 41 220<br \/><\/span><span style=\"font-size: inherit; text-align: inherit; letter-spacing: -0.21px;\">E-mail trond.gleditsch ( a ) offb.no<\/span><\/p>\t\t\t\t\t\t\t\t<\/div>\n\t\t\t\t<\/div>\n\t\t\t\t\t<\/div>\n\t\t<\/div>\n\t\t\t\t<div class=\"elementor-column elementor-col-50 elementor-inner-column elementor-element elementor-element-d6a5df2\" data-id=\"d6a5df2\" data-element_type=\"column\" data-e-type=\"column\">\n\t\t\t<div class=\"elementor-widget-wrap elementor-element-populated\">\n\t\t\t\t\t\t<div class=\"elementor-element elementor-element-87df209 elementor-widget elementor-widget-image\" data-id=\"87df209\" data-element_type=\"widget\" data-e-type=\"widget\" data-widget_type=\"image.default\">\n\t\t\t\t<div class=\"elementor-widget-container\">\n\t\t\t\t\t\t\t\t\t\t\t\t\t\t\t<img decoding=\"async\" width=\"580\" height=\"387\" src=\"https:\/\/offb.no\/wp-content\/uploads\/2023\/01\/trond1-1024x683.jpg\" class=\"attachment-large size-large wp-image-1764\" alt=\"\" srcset=\"https:\/\/offb.no\/wp-content\/uploads\/2023\/01\/trond1-1024x683.jpg 1024w, https:\/\/offb.no\/wp-content\/uploads\/2023\/01\/trond1-300x200.jpg 300w, https:\/\/offb.no\/wp-content\/uploads\/2023\/01\/trond1-768x512.jpg 768w, https:\/\/offb.no\/wp-content\/uploads\/2023\/01\/trond1-1536x1024.jpg 1536w, https:\/\/offb.no\/wp-content\/uploads\/2023\/01\/trond1-2048x1365.jpg 2048w, https:\/\/offb.no\/wp-content\/uploads\/2023\/01\/trond1-18x12.jpg 18w, https:\/\/offb.no\/wp-content\/uploads\/2023\/01\/trond1-1200x800.jpg 1200w, https:\/\/offb.no\/wp-content\/uploads\/2023\/01\/trond1-1980x1320.jpg 1980w\" sizes=\"(max-width: 580px) 100vw, 580px\" \/>\t\t\t\t\t\t\t\t\t\t\t\t\t\t\t<\/div>\n\t\t\t\t<\/div>\n\t\t\t\t\t<\/div>\n\t\t<\/div>\n\t\t\t\t\t<\/div>\n\t\t<\/section>\n\t\t\t\t\t<\/div>\n\t\t<\/div>\n\t\t\t\t\t<\/div>\n\t\t<\/section>\n\t\t\t\t<\/div>","protected":false},"excerpt":{"rendered":"<p>Trening og \u00f8ving En stor del av OFFBs daglige virksomhet best\u00e5r i \u00e5 gjennomf\u00f8re treninger og \u00f8velser. Faktisk gjennomf\u00f8res det hvert \u00e5r over 130 aktiviteter fordelt p\u00e5 alt fra grunnleggende [&hellip;]<\/p>\n","protected":false},"author":1,"featured_media":0,"parent":880,"menu_order":0,"comment_status":"closed","ping_status":"closed","template":"","meta":{"footnotes":""},"class_list":["post-883","page","type-page","status-publish","hentry"],"_links":{"self":[{"href":"https:\/\/offb.no\/en\/wp-json\/wp\/v2\/pages\/883","targetHints":{"allow":["GET"]}}],"collection":[{"href":"https:\/\/offb.no\/en\/wp-json\/wp\/v2\/pages"}],"about":[{"href":"https:\/\/offb.no\/en\/wp-json\/wp\/v2\/types\/page"}],"author":[{"embeddable":true,"href":"https:\/\/offb.no\/en\/wp-json\/wp\/v2\/users\/1"}],"replies":[{"embeddable":true,"href":"https:\/\/offb.no\/en\/wp-json\/wp\/v2\/comments?post=883"}],"version-history":[{"count":47,"href":"https:\/\/offb.no\/en\/wp-json\/wp\/v2\/pages\/883\/revisions"}],"predecessor-version":[{"id":3750,"href":"https:\/\/offb.no\/en\/wp-json\/wp\/v2\/pages\/883\/revisions\/3750"}],"up":[{"embeddable":true,"href":"https:\/\/offb.no\/en\/wp-json\/wp\/v2\/pages\/880"}],"wp:attachment":[{"href":"https:\/\/offb.no\/en\/wp-json\/wp\/v2\/media?parent=883"}],"curies":[{"name":"wp","href":"https:\/\/api.w.org\/{rel}","templated":true}]}}