{"id":83,"date":"2020-10-27T17:31:08","date_gmt":"2020-10-27T17:31:08","guid":{"rendered":"http:\/\/operatorenesforeningforberedskap.no.datasenter.no\/?page_id=83"},"modified":"2025-07-02T10:58:49","modified_gmt":"2025-07-02T08:58:49","slug":"krisekommunikasjon","status":"publish","type":"page","link":"https:\/\/offb.no\/en\/beredskap\/krisekommunikasjon\/","title":{"rendered":"Crisis Communication"},"content":{"rendered":"<div data-elementor-type=\"wp-page\" data-elementor-id=\"83\" class=\"elementor elementor-83\" data-elementor-post-type=\"page\">\n\t\t\t\t\t\t<section class=\"elementor-section elementor-top-section elementor-element elementor-element-7b6d9f3 elementor-section-boxed elementor-section-height-default elementor-section-height-default\" data-id=\"7b6d9f3\" data-element_type=\"section\" data-e-type=\"section\">\n\t\t\t\t\t\t<div class=\"elementor-container elementor-column-gap-default\">\n\t\t\t\t\t<div class=\"elementor-column elementor-col-100 elementor-top-column elementor-element elementor-element-51afe8a\" data-id=\"51afe8a\" data-element_type=\"column\" data-e-type=\"column\">\n\t\t\t<div class=\"elementor-widget-wrap elementor-element-populated\">\n\t\t\t\t\t\t<section class=\"elementor-section elementor-inner-section elementor-element elementor-element-b24425c elementor-section-boxed elementor-section-height-default elementor-section-height-default\" data-id=\"b24425c\" data-element_type=\"section\" data-e-type=\"section\">\n\t\t\t\t\t\t<div class=\"elementor-container elementor-column-gap-default\">\n\t\t\t\t\t<div class=\"elementor-column elementor-col-50 elementor-inner-column elementor-element elementor-element-2bb1c91\" data-id=\"2bb1c91\" data-element_type=\"column\" data-e-type=\"column\">\n\t\t\t<div class=\"elementor-widget-wrap elementor-element-populated\">\n\t\t\t\t\t\t<div class=\"elementor-element elementor-element-c65437d elementor-widget elementor-widget-heading\" data-id=\"c65437d\" data-element_type=\"widget\" data-e-type=\"widget\" data-widget_type=\"heading.default\">\n\t\t\t\t<div class=\"elementor-widget-container\">\n\t\t\t\t\t<h1 class=\"elementor-heading-title elementor-size-default\">Crisis communication<span>kommunikasjon<\/h1>\t\t\t\t<\/div>\n\t\t\t\t<\/div>\n\t\t\t\t<div class=\"elementor-element elementor-element-4050fa8 elementor-widget elementor-widget-text-editor\" data-id=\"4050fa8\" data-element_type=\"widget\" data-e-type=\"widget\" data-widget_type=\"text-editor.default\">\n\t\t\t\t<div class=\"elementor-widget-container\">\n\t\t\t\t\t\t\t\t\t<p>OFFB's Strategic Crisis Communication Team (SKT in Norwegian) consists of five on-duty leaders and eleven trained advisors. The team is ready to mobilize in the Stavanger area with within one hour - round the clock, year-round.  It also supports operators in other parts of the country.<\/p><p>SKT advises and assists operators on the strategic level, by managing communications and prioritising resources, providing stakeholder analyses and -monitoring, professional development and media training.<\/p><p>The goal of the SKT is to ensure good collaboration between everyone affected by crises, and to make sure that correct information is released at all times.<\/p>\t\t\t\t\t\t\t\t<\/div>\n\t\t\t\t<\/div>\n\t\t\t\t\t<\/div>\n\t\t<\/div>\n\t\t\t\t<div class=\"elementor-column elementor-col-50 elementor-inner-column elementor-element elementor-element-0ee1aca\" data-id=\"0ee1aca\" data-element_type=\"column\" data-e-type=\"column\">\n\t\t\t<div class=\"elementor-widget-wrap elementor-element-populated\">\n\t\t\t\t\t\t<div class=\"elementor-element elementor-element-013409e elementor-widget elementor-widget-image\" data-id=\"013409e\" data-element_type=\"widget\" data-e-type=\"widget\" data-widget_type=\"image.default\">\n\t\t\t\t<div class=\"elementor-widget-container\">\n\t\t\t\t\t\t\t\t\t\t\t\t\t\t\t<img fetchpriority=\"high\" decoding=\"async\" width=\"580\" height=\"302\" src=\"https:\/\/offb.no\/wp-content\/uploads\/2024\/01\/offb_oktober_2022_44-scaled-e1751447211164-1024x534.jpg\" class=\"attachment-large size-large wp-image-2340\" alt=\"\" srcset=\"https:\/\/offb.no\/wp-content\/uploads\/2024\/01\/offb_oktober_2022_44-scaled-e1751447211164-1024x534.jpg 1024w, https:\/\/offb.no\/wp-content\/uploads\/2024\/01\/offb_oktober_2022_44-scaled-e1751447211164-300x156.jpg 300w, https:\/\/offb.no\/wp-content\/uploads\/2024\/01\/offb_oktober_2022_44-scaled-e1751447211164-768x401.jpg 768w, https:\/\/offb.no\/wp-content\/uploads\/2024\/01\/offb_oktober_2022_44-scaled-e1751447211164-1536x801.jpg 1536w, https:\/\/offb.no\/wp-content\/uploads\/2024\/01\/offb_oktober_2022_44-scaled-e1751447211164-2048x1068.jpg 2048w, https:\/\/offb.no\/wp-content\/uploads\/2024\/01\/offb_oktober_2022_44-scaled-e1751447211164-18x9.jpg 18w, https:\/\/offb.no\/wp-content\/uploads\/2024\/01\/offb_oktober_2022_44-scaled-e1751447211164-1200x626.jpg 1200w, https:\/\/offb.no\/wp-content\/uploads\/2024\/01\/offb_oktober_2022_44-scaled-e1751447211164-1980x1033.jpg 1980w\" sizes=\"(max-width: 580px) 100vw, 580px\" \/>\t\t\t\t\t\t\t\t\t\t\t\t\t\t\t<\/div>\n\t\t\t\t<\/div>\n\t\t\t\t\t<\/div>\n\t\t<\/div>\n\t\t\t\t\t<\/div>\n\t\t<\/section>\n\t\t\t\t\t<\/div>\n\t\t<\/div>\n\t\t\t\t\t<\/div>\n\t\t<\/section>\n\t\t\t\t<\/div>","protected":false},"excerpt":{"rendered":"<p>Krisekommunikasjon Strategisk krisekommunikasjonsteam (SKT) best\u00e5r av fem vaktg\u00e5ende ledere og elleve trente r\u00e5dgivere. SKT er klare til \u00e5 mobiliseres i Stavanger-regionen innen \u00e9n time &#8211; d\u00f8gnet rundt, \u00e5ret rundt. Teamet [&hellip;]<\/p>\n","protected":false},"author":1,"featured_media":0,"parent":71,"menu_order":4,"comment_status":"closed","ping_status":"closed","template":"","meta":{"footnotes":""},"class_list":["post-83","page","type-page","status-publish","hentry"],"_links":{"self":[{"href":"https:\/\/offb.no\/en\/wp-json\/wp\/v2\/pages\/83","targetHints":{"allow":["GET"]}}],"collection":[{"href":"https:\/\/offb.no\/en\/wp-json\/wp\/v2\/pages"}],"about":[{"href":"https:\/\/offb.no\/en\/wp-json\/wp\/v2\/types\/page"}],"author":[{"embeddable":true,"href":"https:\/\/offb.no\/en\/wp-json\/wp\/v2\/users\/1"}],"replies":[{"embeddable":true,"href":"https:\/\/offb.no\/en\/wp-json\/wp\/v2\/comments?post=83"}],"version-history":[{"count":10,"href":"https:\/\/offb.no\/en\/wp-json\/wp\/v2\/pages\/83\/revisions"}],"predecessor-version":[{"id":3197,"href":"https:\/\/offb.no\/en\/wp-json\/wp\/v2\/pages\/83\/revisions\/3197"}],"up":[{"embeddable":true,"href":"https:\/\/offb.no\/en\/wp-json\/wp\/v2\/pages\/71"}],"wp:attachment":[{"href":"https:\/\/offb.no\/en\/wp-json\/wp\/v2\/media?parent=83"}],"curies":[{"name":"wp","href":"https:\/\/api.w.org\/{rel}","templated":true}]}}