{"id":80,"date":"2020-10-27T17:30:06","date_gmt":"2020-10-27T17:30:06","guid":{"rendered":"http:\/\/operatorenesforeningforberedskap.no.datasenter.no\/?page_id=80"},"modified":"2024-12-18T10:48:32","modified_gmt":"2024-12-18T09:48:32","slug":"telefonsvarsenter","status":"publish","type":"page","link":"https:\/\/offb.no\/en\/beredskap\/telefonsvarsenter\/","title":{"rendered":"Call-centre"},"content":{"rendered":"<div data-elementor-type=\"wp-page\" data-elementor-id=\"80\" class=\"elementor elementor-80\" data-elementor-post-type=\"page\">\n\t\t\t\t\t\t<section class=\"elementor-section elementor-top-section elementor-element elementor-element-e665d8e elementor-section-boxed elementor-section-height-default elementor-section-height-default\" data-id=\"e665d8e\" data-element_type=\"section\" data-e-type=\"section\">\n\t\t\t\t\t\t<div class=\"elementor-container elementor-column-gap-default\">\n\t\t\t\t\t<div class=\"elementor-column elementor-col-100 elementor-top-column elementor-element elementor-element-00e0ad2\" data-id=\"00e0ad2\" data-element_type=\"column\" data-e-type=\"column\">\n\t\t\t<div class=\"elementor-widget-wrap elementor-element-populated\">\n\t\t\t\t\t\t<section class=\"elementor-section elementor-inner-section elementor-element elementor-element-d60b85a elementor-section-boxed elementor-section-height-default elementor-section-height-default\" data-id=\"d60b85a\" data-element_type=\"section\" data-e-type=\"section\">\n\t\t\t\t\t\t<div class=\"elementor-container elementor-column-gap-default\">\n\t\t\t\t\t<div class=\"elementor-column elementor-col-50 elementor-inner-column elementor-element elementor-element-7e3b62c\" data-id=\"7e3b62c\" data-element_type=\"column\" data-e-type=\"column\">\n\t\t\t<div class=\"elementor-widget-wrap elementor-element-populated\">\n\t\t\t\t\t\t<div class=\"elementor-element elementor-element-814e042 elementor-widget elementor-widget-heading\" data-id=\"814e042\" data-element_type=\"widget\" data-e-type=\"widget\" data-widget_type=\"heading.default\">\n\t\t\t\t<div class=\"elementor-widget-container\">\n\t\t\t\t\t<h1 class=\"elementor-heading-title elementor-size-default\">Call<span>Centre<\/h1>\t\t\t\t<\/div>\n\t\t\t\t<\/div>\n\t\t\t\t<div class=\"elementor-element elementor-element-6920489 elementor-widget elementor-widget-text-editor\" data-id=\"6920489\" data-element_type=\"widget\" data-e-type=\"widget\" data-widget_type=\"text-editor.default\">\n\t\t\t\t<div class=\"elementor-widget-container\">\n\t\t\t\t\t\t\t\t\t<p>When necessary, OFFB will set up a call centre with ten handlers ready to serve enquiries from next of kin. A trained team of five leaders, 35 operators and state-of-the-art systems ensure that the callers will be provided with the latest, updated information concerning the incident.<\/p>\t\t\t\t\t\t\t\t<\/div>\n\t\t\t\t<\/div>\n\t\t\t\t\t<\/div>\n\t\t<\/div>\n\t\t\t\t<div class=\"elementor-column elementor-col-50 elementor-inner-column elementor-element elementor-element-0fc2bbc\" data-id=\"0fc2bbc\" data-element_type=\"column\" data-e-type=\"column\">\n\t\t\t<div class=\"elementor-widget-wrap elementor-element-populated\">\n\t\t\t\t\t\t<div class=\"elementor-element elementor-element-c691c2b elementor-widget elementor-widget-image\" data-id=\"c691c2b\" data-element_type=\"widget\" data-e-type=\"widget\" data-widget_type=\"image.default\">\n\t\t\t\t<div class=\"elementor-widget-container\">\n\t\t\t\t\t\t\t\t\t\t\t\t\t\t\t<img fetchpriority=\"high\" decoding=\"async\" width=\"580\" height=\"387\" src=\"https:\/\/offb.no\/wp-content\/uploads\/2024\/12\/IMG_2146-1024x683.jpg\" class=\"attachment-large size-large wp-image-2863\" alt=\"\" srcset=\"https:\/\/offb.no\/wp-content\/uploads\/2024\/12\/IMG_2146-1024x683.jpg 1024w, https:\/\/offb.no\/wp-content\/uploads\/2024\/12\/IMG_2146-300x200.jpg 300w, https:\/\/offb.no\/wp-content\/uploads\/2024\/12\/IMG_2146-768x512.jpg 768w, https:\/\/offb.no\/wp-content\/uploads\/2024\/12\/IMG_2146-1536x1024.jpg 1536w, https:\/\/offb.no\/wp-content\/uploads\/2024\/12\/IMG_2146-2048x1365.jpg 2048w, https:\/\/offb.no\/wp-content\/uploads\/2024\/12\/IMG_2146-18x12.jpg 18w, https:\/\/offb.no\/wp-content\/uploads\/2024\/12\/IMG_2146-1200x800.jpg 1200w, https:\/\/offb.no\/wp-content\/uploads\/2024\/12\/IMG_2146-1980x1320.jpg 1980w\" sizes=\"(max-width: 580px) 100vw, 580px\" \/>\t\t\t\t\t\t\t\t\t\t\t\t\t\t\t<\/div>\n\t\t\t\t<\/div>\n\t\t\t\t\t<\/div>\n\t\t<\/div>\n\t\t\t\t\t<\/div>\n\t\t<\/section>\n\t\t\t\t\t<\/div>\n\t\t<\/div>\n\t\t\t\t\t<\/div>\n\t\t<\/section>\n\t\t\t\t<\/div>","protected":false},"excerpt":{"rendered":"<p>Telefonsvarsenter Ved behov har OFFB et eget telefonsvarsenter der ti personer kan betjene henvendelser fra p\u00e5r\u00f8rende. En trent gruppe p\u00e5 fem teamledere, 35 operat\u00f8rer og moderne systemer s\u00f8rger for at [&hellip;]<\/p>\n","protected":false},"author":1,"featured_media":0,"parent":71,"menu_order":3,"comment_status":"closed","ping_status":"closed","template":"","meta":{"footnotes":""},"class_list":["post-80","page","type-page","status-publish","hentry"],"_links":{"self":[{"href":"https:\/\/offb.no\/en\/wp-json\/wp\/v2\/pages\/80","targetHints":{"allow":["GET"]}}],"collection":[{"href":"https:\/\/offb.no\/en\/wp-json\/wp\/v2\/pages"}],"about":[{"href":"https:\/\/offb.no\/en\/wp-json\/wp\/v2\/types\/page"}],"author":[{"embeddable":true,"href":"https:\/\/offb.no\/en\/wp-json\/wp\/v2\/users\/1"}],"replies":[{"embeddable":true,"href":"https:\/\/offb.no\/en\/wp-json\/wp\/v2\/comments?post=80"}],"version-history":[{"count":6,"href":"https:\/\/offb.no\/en\/wp-json\/wp\/v2\/pages\/80\/revisions"}],"predecessor-version":[{"id":2866,"href":"https:\/\/offb.no\/en\/wp-json\/wp\/v2\/pages\/80\/revisions\/2866"}],"up":[{"embeddable":true,"href":"https:\/\/offb.no\/en\/wp-json\/wp\/v2\/pages\/71"}],"wp:attachment":[{"href":"https:\/\/offb.no\/en\/wp-json\/wp\/v2\/media?parent=80"}],"curies":[{"name":"wp","href":"https:\/\/api.w.org\/{rel}","templated":true}]}}