{"id":78,"date":"2020-10-27T17:28:40","date_gmt":"2020-10-27T17:28:40","guid":{"rendered":"http:\/\/operatorenesforeningforberedskap.no.datasenter.no\/?page_id=78"},"modified":"2023-08-31T13:39:13","modified_gmt":"2023-08-31T11:39:13","slug":"osep","status":"publish","type":"page","link":"https:\/\/offb.no\/en\/beredskap\/osep\/","title":{"rendered":"Evacuation centre (OSEP)"},"content":{"rendered":"<div data-elementor-type=\"wp-page\" data-elementor-id=\"78\" class=\"elementor elementor-78\" data-elementor-post-type=\"page\">\n\t\t\t\t\t\t<section class=\"elementor-section elementor-top-section elementor-element elementor-element-3909f77 elementor-section-boxed elementor-section-height-default elementor-section-height-default\" data-id=\"3909f77\" data-element_type=\"section\" data-e-type=\"section\">\n\t\t\t\t\t\t<div class=\"elementor-container elementor-column-gap-default\">\n\t\t\t\t\t<div class=\"elementor-column elementor-col-100 elementor-top-column elementor-element elementor-element-3c48a83\" data-id=\"3c48a83\" data-element_type=\"column\" data-e-type=\"column\">\n\t\t\t<div class=\"elementor-widget-wrap elementor-element-populated\">\n\t\t\t\t\t\t<section class=\"elementor-section elementor-inner-section elementor-element elementor-element-5934305 elementor-section-boxed elementor-section-height-default elementor-section-height-default\" data-id=\"5934305\" data-element_type=\"section\" data-e-type=\"section\">\n\t\t\t\t\t\t<div class=\"elementor-container elementor-column-gap-default\">\n\t\t\t\t\t<div class=\"elementor-column elementor-col-50 elementor-inner-column elementor-element elementor-element-c3c002b\" data-id=\"c3c002b\" data-element_type=\"column\" data-e-type=\"column\">\n\t\t\t<div class=\"elementor-widget-wrap elementor-element-populated\">\n\t\t\t\t\t\t<div class=\"elementor-element elementor-element-f1265a9 elementor-widget elementor-widget-heading\" data-id=\"f1265a9\" data-element_type=\"widget\" data-e-type=\"widget\" data-widget_type=\"heading.default\">\n\t\t\t\t<div class=\"elementor-widget-container\">\n\t\t\t\t\t<h1 class=\"elementor-heading-title elementor-size-default\">Evacuation centre (OSEP)<\/h1>\t\t\t\t<\/div>\n\t\t\t\t<\/div>\n\t\t\t\t<div class=\"elementor-element elementor-element-0990537 elementor-widget elementor-widget-text-editor\" data-id=\"0990537\" data-element_type=\"widget\" data-e-type=\"widget\" data-widget_type=\"text-editor.default\">\n\t\t\t\t<div class=\"elementor-widget-container\">\n\t\t\t\t\t\t\t\t\t<p>The Operator\u2019s Centre for Evacuees and Next of Kin (OSEP) is a place for individuals who have been involved in an incident but have not suffered physical injuries. Here, they receive support and assistance such as reunification with family members, counselling services and care.<\/p><p>Similarly, a next-of-kin centre is a physical assembly point for next of kin who need information, help, care, and someone to talk to. OFFB has established an Operator's Centre for Evacuees and Next of Kin in the Norwegian coastal towns of Stavanger, Bergen, Flor\u00f8, Kristiansund, Br\u00f8nn\u00f8ysund and Hammerfest. Each OSEP carries out exercises twice a year.<\/p><p>In case an incident offshore requires personnel to be transported to shore, hotels with which we have an agreement will be prepared, rooms made available and the necessary resources called in. Expert personnel such as the police, chaplains, medical personnel, representatives of the operator and other professionals will be on hand to take care of those affected.<\/p>\t\t\t\t\t\t\t\t<\/div>\n\t\t\t\t<\/div>\n\t\t\t\t\t<\/div>\n\t\t<\/div>\n\t\t\t\t<div class=\"elementor-column elementor-col-50 elementor-inner-column elementor-element elementor-element-53cd941\" data-id=\"53cd941\" data-element_type=\"column\" data-e-type=\"column\">\n\t\t\t<div class=\"elementor-widget-wrap elementor-element-populated\">\n\t\t\t\t\t\t<div class=\"elementor-element elementor-element-84d0975 elementor-widget elementor-widget-image\" data-id=\"84d0975\" data-element_type=\"widget\" data-e-type=\"widget\" data-widget_type=\"image.default\">\n\t\t\t\t<div class=\"elementor-widget-container\">\n\t\t\t\t\t\t\t\t\t\t\t\t\t\t\t<img fetchpriority=\"high\" decoding=\"async\" width=\"580\" height=\"628\" src=\"https:\/\/offb.no\/wp-content\/uploads\/2020\/11\/image-25.png\" class=\"attachment-large size-large wp-image-868\" alt=\"\" srcset=\"https:\/\/offb.no\/wp-content\/uploads\/2020\/11\/image-25.png 580w, https:\/\/offb.no\/wp-content\/uploads\/2020\/11\/image-25-277x300.png 277w\" sizes=\"(max-width: 580px) 100vw, 580px\" \/>\t\t\t\t\t\t\t\t\t\t\t\t\t\t\t<\/div>\n\t\t\t\t<\/div>\n\t\t\t\t\t<\/div>\n\t\t<\/div>\n\t\t\t\t\t<\/div>\n\t\t<\/section>\n\t\t\t\t\t<\/div>\n\t\t<\/div>\n\t\t\t\t\t<\/div>\n\t\t<\/section>\n\t\t\t\t<\/div>","protected":false},"excerpt":{"rendered":"<p>OSEP Operat\u00f8rens senter for evakuerte og p\u00e5r\u00f8rende (OSEP) er et oppholdssted for personer som har v\u00e6rt involvert i en hendelse, men som ikke har f\u00e5tt fysiske skader. Her f\u00e5r de [&hellip;]<\/p>\n","protected":false},"author":1,"featured_media":0,"parent":71,"menu_order":2,"comment_status":"closed","ping_status":"closed","template":"","meta":{"footnotes":""},"class_list":["post-78","page","type-page","status-publish","hentry"],"_links":{"self":[{"href":"https:\/\/offb.no\/en\/wp-json\/wp\/v2\/pages\/78","targetHints":{"allow":["GET"]}}],"collection":[{"href":"https:\/\/offb.no\/en\/wp-json\/wp\/v2\/pages"}],"about":[{"href":"https:\/\/offb.no\/en\/wp-json\/wp\/v2\/types\/page"}],"author":[{"embeddable":true,"href":"https:\/\/offb.no\/en\/wp-json\/wp\/v2\/users\/1"}],"replies":[{"embeddable":true,"href":"https:\/\/offb.no\/en\/wp-json\/wp\/v2\/comments?post=78"}],"version-history":[{"count":8,"href":"https:\/\/offb.no\/en\/wp-json\/wp\/v2\/pages\/78\/revisions"}],"predecessor-version":[{"id":2166,"href":"https:\/\/offb.no\/en\/wp-json\/wp\/v2\/pages\/78\/revisions\/2166"}],"up":[{"embeddable":true,"href":"https:\/\/offb.no\/en\/wp-json\/wp\/v2\/pages\/71"}],"wp:attachment":[{"href":"https:\/\/offb.no\/en\/wp-json\/wp\/v2\/media?parent=78"}],"curies":[{"name":"wp","href":"https:\/\/api.w.org\/{rel}","templated":true}]}}