{"id":68,"date":"2020-10-27T17:23:21","date_gmt":"2020-10-27T17:23:21","guid":{"rendered":"http:\/\/operatorenesforeningforberedskap.no.datasenter.no\/?page_id=68"},"modified":"2026-02-24T01:45:50","modified_gmt":"2026-02-24T00:45:50","slug":"bli-medlem","status":"publish","type":"page","link":"https:\/\/offb.no\/en\/medlemskap\/bli-medlem\/","title":{"rendered":"Become a member"},"content":{"rendered":"<div data-elementor-type=\"wp-page\" data-elementor-id=\"68\" class=\"elementor elementor-68\" data-elementor-post-type=\"page\">\n\t\t\t\t\t\t<section class=\"elementor-section elementor-top-section elementor-element elementor-element-d67c495 elementor-section-boxed elementor-section-height-default elementor-section-height-default\" data-id=\"d67c495\" data-element_type=\"section\" data-e-type=\"section\">\n\t\t\t\t\t\t<div class=\"elementor-container elementor-column-gap-default\">\n\t\t\t\t\t<div class=\"elementor-column elementor-col-100 elementor-top-column elementor-element elementor-element-7135bfb\" data-id=\"7135bfb\" data-element_type=\"column\" data-e-type=\"column\">\n\t\t\t<div class=\"elementor-widget-wrap elementor-element-populated\">\n\t\t\t\t\t\t<section class=\"elementor-section elementor-inner-section elementor-element elementor-element-f1b3a39 elementor-section-boxed elementor-section-height-default elementor-section-height-default\" data-id=\"f1b3a39\" data-element_type=\"section\" data-e-type=\"section\">\n\t\t\t\t\t\t<div class=\"elementor-container elementor-column-gap-default\">\n\t\t\t\t\t<div class=\"elementor-column elementor-col-50 elementor-inner-column elementor-element elementor-element-4293708\" data-id=\"4293708\" data-element_type=\"column\" data-e-type=\"column\">\n\t\t\t<div class=\"elementor-widget-wrap elementor-element-populated\">\n\t\t\t\t\t\t<div class=\"elementor-element elementor-element-626b830 elementor-widget elementor-widget-heading\" data-id=\"626b830\" data-element_type=\"widget\" data-e-type=\"widget\" data-widget_type=\"heading.default\">\n\t\t\t\t<div class=\"elementor-widget-container\">\n\t\t\t\t\t<h1 class=\"elementor-heading-title elementor-size-default\">Membership<\/h1>\t\t\t\t<\/div>\n\t\t\t\t<\/div>\n\t\t\t\t<div class=\"elementor-element elementor-element-6212b97 elementor-widget elementor-widget-text-editor\" data-id=\"6212b97\" data-element_type=\"widget\" data-e-type=\"widget\" data-widget_type=\"text-editor.default\">\n\t\t\t\t<div class=\"elementor-widget-container\">\n\t\t\t\t\t\t\t\t\t<p>OFFB has more room on board! Since starting up in 2009, we have supported more than 100 operations on the NCS. We have extensive experience from safeguarding exploration activities, offshore and onshore production facilities as well as pipelines.<\/p><p>As a member, you have access to, and ownership of, a professional, user-directed and non-profit second-line emergency response organisation, which becomes an integral part of your company. All oil and gas companies pre-qualified as operators on the Norwegian continental shelf can become members of OFFB.<\/p><p>Contact us today for more information.<\/p><p>Membership of OFFB includes the following:<\/p><p>\u2022 24\/7\/365 handling of emergency response incidents, using six rotating on-duty teams.<br \/>\u2022 An Operator's Centre for Evacuees and Next of Kin (OSEP) at several locations.<br \/>\u2022 An on-duty doctor provision in compliance with the NOROG 014 standard.<br \/>\u2022 A call centre for next of kin.<br \/>\u2022 A Strategic Crisis Communications Team (SKT) for 3rd line.<br \/>\u2022 Training and exercises for emergency response organisations.<br \/>\u2022 Preparation of planning documents.<br \/>\u2022 The OFFB Competence Centre that offers courses and one-day seminars, as required by our members.<br \/>\u2022 Advisory services in the field of emergency response.<br \/>\u2022 Dedicated member Point of Contact in the staff<br \/>\u2022 A unique network and collaboration forum for members<br \/>\u2022 OFFB is an active promoter of experience transfer between its members and external organisations.<\/p>\t\t\t\t\t\t\t\t<\/div>\n\t\t\t\t<\/div>\n\t\t\t\t\t<\/div>\n\t\t<\/div>\n\t\t\t\t<div class=\"elementor-column elementor-col-50 elementor-inner-column elementor-element elementor-element-99bc7d8\" data-id=\"99bc7d8\" data-element_type=\"column\" data-e-type=\"column\">\n\t\t\t<div class=\"elementor-widget-wrap elementor-element-populated\">\n\t\t\t\t\t\t<div class=\"elementor-element elementor-element-c038b43 elementor-widget elementor-widget-image\" data-id=\"c038b43\" data-element_type=\"widget\" data-e-type=\"widget\" data-widget_type=\"image.default\">\n\t\t\t\t<div class=\"elementor-widget-container\">\n\t\t\t\t\t\t\t\t\t\t\t\t\t\t\t<img fetchpriority=\"high\" decoding=\"async\" width=\"580\" height=\"636\" src=\"https:\/\/offb.no\/wp-content\/uploads\/2020\/11\/offb-logo-firkant-artikkel.jpg\" class=\"attachment-large size-large wp-image-846\" alt=\"\" srcset=\"https:\/\/offb.no\/wp-content\/uploads\/2020\/11\/offb-logo-firkant-artikkel.jpg 580w, https:\/\/offb.no\/wp-content\/uploads\/2020\/11\/offb-logo-firkant-artikkel-274x300.jpg 274w\" sizes=\"(max-width: 580px) 100vw, 580px\" \/>\t\t\t\t\t\t\t\t\t\t\t\t\t\t\t<\/div>\n\t\t\t\t<\/div>\n\t\t\t\t\t<\/div>\n\t\t<\/div>\n\t\t\t\t\t<\/div>\n\t\t<\/section>\n\t\t\t\t\t<\/div>\n\t\t<\/div>\n\t\t\t\t\t<\/div>\n\t\t<\/section>\n\t\t\t\t<section class=\"elementor-section elementor-top-section elementor-element elementor-element-9581131 elementor-section-content-top elementor-section-boxed elementor-section-height-default elementor-section-height-default\" data-id=\"9581131\" data-element_type=\"section\" data-e-type=\"section\">\n\t\t\t\t\t\t<div class=\"elementor-container elementor-column-gap-default\">\n\t\t\t\t\t<div class=\"elementor-column elementor-col-100 elementor-top-column elementor-element elementor-element-07645f1\" data-id=\"07645f1\" data-element_type=\"column\" data-e-type=\"column\">\n\t\t\t<div class=\"elementor-widget-wrap elementor-element-populated\">\n\t\t\t\t\t\t<section class=\"elementor-section elementor-inner-section elementor-element elementor-element-bd4c0c0 elementor-section-boxed elementor-section-height-default elementor-section-height-default\" data-id=\"bd4c0c0\" data-element_type=\"section\" data-e-type=\"section\">\n\t\t\t\t\t\t<div class=\"elementor-container elementor-column-gap-default\">\n\t\t\t\t\t<div class=\"elementor-column elementor-col-50 elementor-inner-column elementor-element elementor-element-1671c67\" data-id=\"1671c67\" data-element_type=\"column\" data-e-type=\"column\">\n\t\t\t<div class=\"elementor-widget-wrap elementor-element-populated\">\n\t\t\t\t\t\t<div class=\"elementor-element elementor-element-5cdfee7 elementor-widget elementor-widget-heading\" data-id=\"5cdfee7\" data-element_type=\"widget\" data-e-type=\"widget\" data-widget_type=\"heading.default\">\n\t\t\t\t<div class=\"elementor-widget-container\">\n\t\t\t\t\t<h1 class=\"elementor-heading-title elementor-size-default\">Benefits<\/h1>\t\t\t\t<\/div>\n\t\t\t\t<\/div>\n\t\t\t\t<div class=\"elementor-element elementor-element-27104e6 elementor-widget elementor-widget-text-editor\" data-id=\"27104e6\" data-element_type=\"widget\" data-e-type=\"widget\" data-widget_type=\"text-editor.default\">\n\t\t\t\t<div class=\"elementor-widget-container\">\n\t\t\t\t\t\t\t\t\t<div class=\"s-12 l-6\"><p>A dedicated Competence Centre:<br \/><span style=\"font-size: inherit; letter-spacing: -0.015em; text-align: inherit;\">The centre ensures continuous skills development within each operator organisation and assists new members in rapidly achieving the necessary levels of emergency response expertise.<\/span><\/p><p>Frequent exercises:<br \/>The only way to prepare for the worst-case scenario is to practice experiencing the worst-case scenario. OFFB arranges a continuous series of exercises adapted to a given member company\u2019s unique circumstances, and assumes responsibility for planning, implementation and evaluation in collaboration with the company in question.<\/p><p>Experience transfer:<br \/>OFFB\u2019s employees work with many operating companies that hire the same rigs. This ensures an experience transfer process that benefits each and every member.<\/p><p>Technical forum:<br \/>At our dedicated technical forum, member companies obtain access to each others\u2019 experience in the fields of HSE, emergency response, exercises and, if relevant, incidents.<\/p><p>Resource savings:<br \/>A cost-effective organisation, combined with the collective use of services, makes OFFB a resource-saving alternative. At the same time, we never compromise on quality, and our emergency response activities are always carried out in compliance with prevailing legislation and statutory regulations.<\/p><\/div><p class=\"s-12 l-6\" align=\"right\">\u00a0<\/p>\t\t\t\t\t\t\t\t<\/div>\n\t\t\t\t<\/div>\n\t\t\t\t\t<\/div>\n\t\t<\/div>\n\t\t\t\t<div class=\"elementor-column elementor-col-50 elementor-inner-column elementor-element elementor-element-f1af34b\" data-id=\"f1af34b\" data-element_type=\"column\" data-e-type=\"column\">\n\t\t\t<div class=\"elementor-widget-wrap elementor-element-populated\">\n\t\t\t\t\t\t<div class=\"elementor-element elementor-element-e424f72 elementor-widget elementor-widget-image\" data-id=\"e424f72\" data-element_type=\"widget\" data-e-type=\"widget\" data-widget_type=\"image.default\">\n\t\t\t\t<div class=\"elementor-widget-container\">\n\t\t\t\t\t\t\t\t\t\t\t\t\t\t\t<img decoding=\"async\" width=\"580\" height=\"580\" src=\"https:\/\/offb.no\/wp-content\/uploads\/2026\/02\/ovelsebilde-kvadratisk.jpg\" class=\"attachment-large size-large wp-image-3718\" alt=\"\" srcset=\"https:\/\/offb.no\/wp-content\/uploads\/2026\/02\/ovelsebilde-kvadratisk.jpg 800w, https:\/\/offb.no\/wp-content\/uploads\/2026\/02\/ovelsebilde-kvadratisk-300x300.jpg 300w, https:\/\/offb.no\/wp-content\/uploads\/2026\/02\/ovelsebilde-kvadratisk-150x150.jpg 150w, https:\/\/offb.no\/wp-content\/uploads\/2026\/02\/ovelsebilde-kvadratisk-768x768.jpg 768w, https:\/\/offb.no\/wp-content\/uploads\/2026\/02\/ovelsebilde-kvadratisk-12x12.jpg 12w\" sizes=\"(max-width: 580px) 100vw, 580px\" \/>\t\t\t\t\t\t\t\t\t\t\t\t\t\t\t<\/div>\n\t\t\t\t<\/div>\n\t\t\t\t\t<\/div>\n\t\t<\/div>\n\t\t\t\t\t<\/div>\n\t\t<\/section>\n\t\t\t\t\t<\/div>\n\t\t<\/div>\n\t\t\t\t\t<\/div>\n\t\t<\/section>\n\t\t\t\t<section class=\"elementor-section elementor-top-section elementor-element elementor-element-2317a42 elementor-section-content-top elementor-section-boxed elementor-section-height-default elementor-section-height-default\" data-id=\"2317a42\" data-element_type=\"section\" data-e-type=\"section\">\n\t\t\t\t\t\t<div class=\"elementor-container elementor-column-gap-default\">\n\t\t\t\t\t<div class=\"elementor-column elementor-col-100 elementor-top-column elementor-element elementor-element-257f1fb\" data-id=\"257f1fb\" data-element_type=\"column\" data-e-type=\"column\">\n\t\t\t<div class=\"elementor-widget-wrap elementor-element-populated\">\n\t\t\t\t\t\t<section class=\"elementor-section elementor-inner-section elementor-element elementor-element-1477d30 elementor-section-boxed elementor-section-height-default elementor-section-height-default\" data-id=\"1477d30\" data-element_type=\"section\" data-e-type=\"section\">\n\t\t\t\t\t\t<div class=\"elementor-container elementor-column-gap-default\">\n\t\t\t\t\t<div class=\"elementor-column elementor-col-50 elementor-inner-column elementor-element elementor-element-981d21f\" data-id=\"981d21f\" data-element_type=\"column\" data-e-type=\"column\">\n\t\t\t<div class=\"elementor-widget-wrap elementor-element-populated\">\n\t\t\t\t\t\t<div class=\"elementor-element elementor-element-f8ad319 elementor-widget elementor-widget-heading\" data-id=\"f8ad319\" data-element_type=\"widget\" data-e-type=\"widget\" data-widget_type=\"heading.default\">\n\t\t\t\t<div class=\"elementor-widget-container\">\n\t\t\t\t\t<h1 class=\"elementor-heading-title elementor-size-default\">Our values<\/h1>\t\t\t\t<\/div>\n\t\t\t\t<\/div>\n\t\t\t\t<div class=\"elementor-element elementor-element-c86798f elementor-widget elementor-widget-text-editor\" data-id=\"c86798f\" data-element_type=\"widget\" data-e-type=\"widget\" data-widget_type=\"text-editor.default\">\n\t\t\t\t<div class=\"elementor-widget-container\">\n\t\t\t\t\t\t\t\t\t<p>Teamwork:<br>At OFFB we work together with openness and respect.<br>We strongly encourage collaboration among our members and other emergency response agencies by being inclusive and committed.<\/p>\n<p>Quality:<br>At OFFB we develop quality in the services we provide by means of a continuous process of learning and improvement. We strongly encourage innovation and the development of emergency response services.<\/p>\n<p>Professionalism<br>At OFFB we have a continuous focus on emergency response services.<br>We are dependable, and our members shall have full confidence in our acknowledged and reliable service provision.<\/p><p><br><\/p><p><br><\/p>\t\t\t\t\t\t\t\t<\/div>\n\t\t\t\t<\/div>\n\t\t\t\t\t<\/div>\n\t\t<\/div>\n\t\t\t\t<div class=\"elementor-column elementor-col-50 elementor-inner-column elementor-element elementor-element-93bba6e\" data-id=\"93bba6e\" data-element_type=\"column\" data-e-type=\"column\">\n\t\t\t<div class=\"elementor-widget-wrap elementor-element-populated\">\n\t\t\t\t\t\t<div class=\"elementor-element elementor-element-c9dba63 elementor-widget elementor-widget-heading\" data-id=\"c9dba63\" data-element_type=\"widget\" data-e-type=\"widget\" data-widget_type=\"heading.default\">\n\t\t\t\t<div class=\"elementor-widget-container\">\n\t\t\t\t\t<h1 class=\"elementor-heading-title elementor-size-default\">Our ethical principles<\/h1>\t\t\t\t<\/div>\n\t\t\t\t<\/div>\n\t\t\t\t<div class=\"elementor-element elementor-element-3178643 elementor-widget elementor-widget-text-editor\" data-id=\"3178643\" data-element_type=\"widget\" data-e-type=\"widget\" data-widget_type=\"text-editor.default\">\n\t\t\t\t<div class=\"elementor-widget-container\">\n\t\t\t\t\t\t\t\t\t<p>OFFB\u2019s unique position represents a professionalisation of emergency response services embedded in a non-profit, member-led and collaborative setting. Our operations are based on the \u201cnot-for-profit\u201d principle. Emergency response services are designed to manage a major accident, and the organisation works on the basis of proactive emergency response management.<br \/><br \/>Collaboration, openness, and a willingness to share with other OFFB members and external organisations, are the key to the success of effective teamwork in an emergency response situation.<\/p>\t\t\t\t\t\t\t\t<\/div>\n\t\t\t\t<\/div>\n\t\t\t\t\t<\/div>\n\t\t<\/div>\n\t\t\t\t\t<\/div>\n\t\t<\/section>\n\t\t\t\t\t<\/div>\n\t\t<\/div>\n\t\t\t\t\t<\/div>\n\t\t<\/section>\n\t\t\t\t<\/div>","protected":false},"excerpt":{"rendered":"<p>Medlemskap OFFB har plass til flere medlemmer! Siden oppstarten i 2009 har vi st\u00f8ttet over 100 operasjoner p\u00e5 norsk sokkel og har omfattende erfaring med \u00e5 ivareta beredskap for leteoperasjoner, [&hellip;]<\/p>\n","protected":false},"author":1,"featured_media":0,"parent":63,"menu_order":1,"comment_status":"closed","ping_status":"closed","template":"","meta":{"footnotes":""},"class_list":["post-68","page","type-page","status-publish","hentry"],"_links":{"self":[{"href":"https:\/\/offb.no\/en\/wp-json\/wp\/v2\/pages\/68","targetHints":{"allow":["GET"]}}],"collection":[{"href":"https:\/\/offb.no\/en\/wp-json\/wp\/v2\/pages"}],"about":[{"href":"https:\/\/offb.no\/en\/wp-json\/wp\/v2\/types\/page"}],"author":[{"embeddable":true,"href":"https:\/\/offb.no\/en\/wp-json\/wp\/v2\/users\/1"}],"replies":[{"embeddable":true,"href":"https:\/\/offb.no\/en\/wp-json\/wp\/v2\/comments?post=68"}],"version-history":[{"count":16,"href":"https:\/\/offb.no\/en\/wp-json\/wp\/v2\/pages\/68\/revisions"}],"predecessor-version":[{"id":3821,"href":"https:\/\/offb.no\/en\/wp-json\/wp\/v2\/pages\/68\/revisions\/3821"}],"up":[{"embeddable":true,"href":"https:\/\/offb.no\/en\/wp-json\/wp\/v2\/pages\/63"}],"wp:attachment":[{"href":"https:\/\/offb.no\/en\/wp-json\/wp\/v2\/media?parent=68"}],"curies":[{"name":"wp","href":"https:\/\/api.w.org\/{rel}","templated":true}]}}