{"id":11,"date":"2020-10-27T08:18:21","date_gmt":"2020-10-27T08:18:21","guid":{"rendered":"http:\/\/operatorenesforeningforberedskap.no.datasenter.no\/?page_id=11"},"modified":"2026-03-02T05:06:16","modified_gmt":"2026-03-02T04:06:16","slug":"var-organisasjon","status":"publish","type":"page","link":"https:\/\/offb.no\/en\/om-oss\/var-organisasjon\/","title":{"rendered":"Our organization"},"content":{"rendered":"<div data-elementor-type=\"wp-page\" data-elementor-id=\"11\" class=\"elementor elementor-11\" data-elementor-post-type=\"page\">\n\t\t\t\t\t\t<section class=\"elementor-section elementor-top-section elementor-element elementor-element-5331eb9 elementor-section-boxed elementor-section-height-default elementor-section-height-default\" data-id=\"5331eb9\" data-element_type=\"section\" data-e-type=\"section\">\n\t\t\t\t\t\t<div class=\"elementor-container elementor-column-gap-default\">\n\t\t\t\t\t<div class=\"elementor-column elementor-col-100 elementor-top-column elementor-element elementor-element-21da9fd\" data-id=\"21da9fd\" data-element_type=\"column\" data-e-type=\"column\">\n\t\t\t<div class=\"elementor-widget-wrap elementor-element-populated\">\n\t\t\t\t\t\t<div class=\"elementor-element elementor-element-eb064dd elementor-widget elementor-widget-text-editor\" data-id=\"eb064dd\" data-element_type=\"widget\" data-e-type=\"widget\" data-widget_type=\"text-editor.default\">\n\t\t\t\t<div class=\"elementor-widget-container\">\n\t\t\t\t\t\t\t\t\t<h1>Our organization<\/h1>\n<p><!-- \/wp:paragraph --><\/p>\t\t\t\t\t\t\t\t<\/div>\n\t\t\t\t<\/div>\n\t\t\t\t\t<\/div>\n\t\t<\/div>\n\t\t\t\t\t<\/div>\n\t\t<\/section>\n\t\t\t\t<section class=\"elementor-section elementor-top-section elementor-element elementor-element-7291a4c elementor-section-boxed elementor-section-height-default elementor-section-height-default\" data-id=\"7291a4c\" data-element_type=\"section\" data-e-type=\"section\">\n\t\t\t\t\t\t<div class=\"elementor-container elementor-column-gap-default\">\n\t\t\t\t\t<div class=\"elementor-column elementor-col-100 elementor-top-column elementor-element elementor-element-139b3c8\" data-id=\"139b3c8\" data-element_type=\"column\" data-e-type=\"column\">\n\t\t\t<div class=\"elementor-widget-wrap elementor-element-populated\">\n\t\t\t\t\t\t<div class=\"elementor-element elementor-element-1fab534 elementor-widget elementor-widget-image\" data-id=\"1fab534\" data-element_type=\"widget\" data-e-type=\"widget\" data-widget_type=\"image.default\">\n\t\t\t\t<div class=\"elementor-widget-container\">\n\t\t\t\t\t\t\t\t\t\t\t\t\t\t\t<img fetchpriority=\"high\" decoding=\"async\" width=\"1124\" height=\"550\" src=\"https:\/\/offb.no\/wp-content\/uploads\/2026\/03\/Organisasjonskart-english.png\" class=\"attachment-full size-full wp-image-3846\" alt=\"\" srcset=\"https:\/\/offb.no\/wp-content\/uploads\/2026\/03\/Organisasjonskart-english.png 2513w, https:\/\/offb.no\/wp-content\/uploads\/2026\/03\/Organisasjonskart-english-300x146.png 300w, https:\/\/offb.no\/wp-content\/uploads\/2026\/03\/Organisasjonskart-english-1024x498.png 1024w, https:\/\/offb.no\/wp-content\/uploads\/2026\/03\/Organisasjonskart-english-768x373.png 768w, https:\/\/offb.no\/wp-content\/uploads\/2026\/03\/Organisasjonskart-english-1536x746.png 1536w, https:\/\/offb.no\/wp-content\/uploads\/2026\/03\/Organisasjonskart-english-2048x995.png 2048w, https:\/\/offb.no\/wp-content\/uploads\/2026\/03\/Organisasjonskart-english-18x9.png 18w, https:\/\/offb.no\/wp-content\/uploads\/2026\/03\/Organisasjonskart-english-1200x583.png 1200w, https:\/\/offb.no\/wp-content\/uploads\/2026\/03\/Organisasjonskart-english-1980x962.png 1980w\" sizes=\"(max-width: 1124px) 100vw, 1124px\" \/>\t\t\t\t\t\t\t\t\t\t\t\t\t\t\t<\/div>\n\t\t\t\t<\/div>\n\t\t\t\t\t<\/div>\n\t\t<\/div>\n\t\t\t\t\t<\/div>\n\t\t<\/section>\n\t\t\t\t<section class=\"elementor-section elementor-top-section elementor-element elementor-element-629629dd elementor-section-boxed elementor-section-height-default elementor-section-height-default\" data-id=\"629629dd\" data-element_type=\"section\" data-e-type=\"section\">\n\t\t\t\t\t\t<div class=\"elementor-container elementor-column-gap-default\">\n\t\t\t\t\t<div class=\"elementor-column elementor-col-100 elementor-top-column elementor-element elementor-element-20eb448f\" data-id=\"20eb448f\" data-element_type=\"column\" data-e-type=\"column\">\n\t\t\t<div class=\"elementor-widget-wrap elementor-element-populated\">\n\t\t\t\t\t\t<div class=\"elementor-element elementor-element-404b07a9 elementor-widget elementor-widget-text-editor\" data-id=\"404b07a9\" data-element_type=\"widget\" data-e-type=\"widget\" data-widget_type=\"text-editor.default\">\n\t\t\t\t<div class=\"elementor-widget-container\">\n\t\t\t\t\t\t\t\t\t<p><\/p>\n<p>The Operator\u2019s Association for Emergency Response, known as OFFB, is a member-led, non-profit emergency response organisation utilised by many operating companies on the Norwegian continental shelf. We provide professional 2nd line emergency response services and 3rd line strategic support for our members, and form an integral part of their emergency response systems. OFFB also acts as a resource and expertise centre for all its members.<\/p><p><br><\/p>\n<p><!-- \/wp:paragraph --><\/p>\n<p><!-- wp:list --><\/p>\n<ul>\n<li>6 duty teams<\/li>\n<li>44 employees<\/li>\n<li><span style=\"font-size: inherit; text-align: inherit; letter-spacing: -0.015em;\">15 crisis communication advisors<\/span><\/li>\n<li>35 OSEP leaders with complete organisation<\/li>\n<li>40 staff in our next-of-kin call centre<\/li>\n<li>An on-duty doctor in compliance with NOROG 014<\/li>\n<li>Psychological support and expertise at active locations<\/li>\n<\/ul>\n<p><!-- \/wp:list --><\/p>\n<p><!-- wp:paragraph --><\/p>\n<p><strong>General Meeting<\/strong><\/p>\n<p><!-- \/wp:paragraph --><\/p>\n<p><!-- wp:paragraph --><\/p>\n<p>Chairman of the General Assembly:\u00a0Henning Eide,&nbsp;<span style=\"letter-spacing: -0.21px;\">Sval Energi AS<\/span><span style=\"font-family: Arial, sans-serif; font-size: 10pt; letter-spacing: -0.015em; text-align: inherit;\">&nbsp; <\/span><\/p>\n<p><span style=\"font-family: Arial, sans-serif; font-size: 10pt; letter-spacing: -0.015em; text-align: inherit;\">Deputy Chair: Linda Berg, DNO North Sea (Norge) AS&nbsp;<\/span><\/p>\n<p><span style=\"font-family: Arial, sans-serif; font-size: 10pt; letter-spacing: -0.015em; text-align: inherit;\">&nbsp;<\/span><\/p>\n<p><!-- \/wp:paragraph --><\/p>\n<p><!-- wp:paragraph --><\/p>\n<p><strong>Board<\/strong><\/p>\n<p><!-- \/wp:paragraph --><\/p>\n<p><!-- wp:paragraph --><\/p>\n<p style=\"margin: 0cm; background-image: initial; background-position: initial; background-size: initial; background-repeat: initial; background-attachment: initial; background-origin: initial; background-clip: initial;\"><span style=\"font-size: 10.5pt; font-family: Helvetica, sans-serif; letter-spacing: -0.2pt;\">Chair of the Board<\/span><span style=\"font-size: 10.5pt; font-family: Helvetica, sans-serif; letter-spacing: -0.15pt;\">: Marit Brattbakk, DNO North Sea (Norge) AS<\/span><\/p>\n<p style=\"margin: 0cm; background-image: initial; background-position: initial; background-size: initial; background-repeat: initial; background-attachment: initial; background-origin: initial; background-clip: initial;\"><span style=\"text-align: inherit;\"><span style=\"font-size: 10.5pt; font-family: Helvetica, sans-serif; letter-spacing: -0.2pt;\">Deputy Chair of the Board:<\/span><span style=\"font-size: inherit; text-align: inherit;\">: Kari Langvik \u00d8sthus, Wellesley Petroleum AS<\/span><\/span><\/p>\n<p style=\"margin: 0cm; background-image: initial; background-position: initial; background-size: initial; background-repeat: initial; background-attachment: initial; background-origin: initial; background-clip: initial;\"><span style=\"text-align: inherit;\"><span style=\"font-size: inherit; text-align: inherit;\">&nbsp;<\/span><\/span><\/p>\n<p style=\"margin: 0cm; background-image: initial; background-position: initial; background-size: initial; background-repeat: initial; background-attachment: initial; background-origin: initial; background-clip: initial;\"><strong style=\"font-size: inherit; text-align: inherit; letter-spacing: -0.015em;\">Board Members<\/strong><\/p>\n<p><!-- \/wp:paragraph --><\/p>\n<p><!-- wp:paragraph --><\/p>\n<p style=\"margin: 0cm; background-image: initial; background-position: initial; background-size: initial; background-repeat: initial; background-attachment: initial; background-origin: initial; background-clip: initial;\"><span lang=\"NO-NYN\" style=\"font-size: 10.5pt; font-family: Helvetica, sans-serif; letter-spacing: -0.2pt;\">K\u00e5re Olav Oftedal, Gassco AS<\/span><\/p>\n<p style=\"margin: 0cm; background-image: initial; background-position: initial; background-size: initial; background-repeat: initial; background-attachment: initial; background-origin: initial; background-clip: initial;\"><span style=\"text-align: inherit;\"><span lang=\"NO-NYN\" style=\"font-size: 10.5pt; font-family: Helvetica, sans-serif; letter-spacing: -0.2pt;\">Knut \u00d8ystein Shark S\u00f8rmo, Aker&nbsp;<\/span><span style=\"text-align: inherit;\">BP ASA<\/span><\/span><\/p>\n<p>Ellen Norl\u00f8ff Rekve, Wintershall Dea Norge AS (Harbour Energy)<\/p>\n<p style=\"margin: 0cm; background-image: initial; background-position: initial; background-size: initial; background-repeat: initial; background-attachment: initial; background-origin: initial; background-clip: initial;\"><span lang=\"NO-NYN\" style=\"font-size: 10.5pt; font-family: Helvetica, sans-serif; letter-spacing: -0.15pt;\">&nbsp;<\/span><\/p>\n<p style=\"margin: 0cm; background-image: initial; background-position: initial; background-size: initial; background-repeat: initial; background-attachment: initial; background-origin: initial; background-clip: initial;\"><span lang=\"NO-NYN\" style=\"font-size: 10.5pt; font-family: Helvetica, sans-serif; letter-spacing: -0.2pt;\">1st Deputy Member:&nbsp;&nbsp;<\/span><span style=\"font-size: inherit; text-align: inherit;\">Marius Lundhaug, A\/S Norske Shell<\/span><\/p>\n<p style=\"margin: 0cm; background-image: initial; background-position: initial; background-size: initial; background-repeat: initial; background-attachment: initial; background-origin: initial; background-clip: initial;\"><span style=\"font-size: inherit; text-align: inherit;\"><span lang=\"NO-NYN\" style=\"font-size: 10.5pt; font-family: Helvetica, sans-serif; letter-spacing: -0.2pt;\">2<\/span><span style=\"text-align: inherit;\">nd Deputy Member:&nbsp;<\/span><span style=\"text-align: inherit;\">&nbsp;Johan Snefuglli R\u00f8e, OKEA ASA<\/span><\/span><\/p>\n<p style=\"margin: 0cm 0cm 12pt; background-image: initial; background-position: initial; background-size: initial; background-repeat: initial; background-attachment: initial; background-origin: initial; background-clip: initial;\">\n<\/p><p><!-- \/wp:paragraph --><\/p>\t\t\t\t\t\t\t\t<\/div>\n\t\t\t\t<\/div>\n\t\t\t\t\t<\/div>\n\t\t<\/div>\n\t\t\t\t\t<\/div>\n\t\t<\/section>\n\t\t\t\t<\/div>","protected":false},"excerpt":{"rendered":"<p>Organisasjon Operat\u00f8renes forening for beredskap (OFFB) er en brukerstyrt og ikke-kommersiell beredskapsorganisasjon som brukes av flere operat\u00f8rselskap p\u00e5 norsk sokkel. Vi leverer profesjonell 2. linje beredskap og strategisk st\u00f8tte til [&hellip;]<\/p>\n","protected":false},"author":1,"featured_media":139,"parent":48,"menu_order":0,"comment_status":"closed","ping_status":"closed","template":"","meta":{"footnotes":""},"class_list":["post-11","page","type-page","status-publish","has-post-thumbnail","hentry"],"_links":{"self":[{"href":"https:\/\/offb.no\/en\/wp-json\/wp\/v2\/pages\/11","targetHints":{"allow":["GET"]}}],"collection":[{"href":"https:\/\/offb.no\/en\/wp-json\/wp\/v2\/pages"}],"about":[{"href":"https:\/\/offb.no\/en\/wp-json\/wp\/v2\/types\/page"}],"author":[{"embeddable":true,"href":"https:\/\/offb.no\/en\/wp-json\/wp\/v2\/users\/1"}],"replies":[{"embeddable":true,"href":"https:\/\/offb.no\/en\/wp-json\/wp\/v2\/comments?post=11"}],"version-history":[{"count":89,"href":"https:\/\/offb.no\/en\/wp-json\/wp\/v2\/pages\/11\/revisions"}],"predecessor-version":[{"id":3849,"href":"https:\/\/offb.no\/en\/wp-json\/wp\/v2\/pages\/11\/revisions\/3849"}],"up":[{"embeddable":true,"href":"https:\/\/offb.no\/en\/wp-json\/wp\/v2\/pages\/48"}],"wp:featuredmedia":[{"embeddable":true,"href":"https:\/\/offb.no\/en\/wp-json\/wp\/v2\/media\/139"}],"wp:attachment":[{"href":"https:\/\/offb.no\/en\/wp-json\/wp\/v2\/media?parent=11"}],"curies":[{"name":"wp","href":"https:\/\/api.w.org\/{rel}","templated":true}]}}